{"id":6440,"date":"2024-01-26T09:59:50","date_gmt":"2024-01-26T14:59:50","guid":{"rendered":"https:\/\/paparmanemtl.ca\/?page_id=6440"},"modified":"2025-07-11T11:44:19","modified_gmt":"2025-07-11T16:44:19","slug":"faqs","status":"publish","type":"page","link":"https:\/\/paparmanemtl.ca\/en\/faqs\/","title":{"rendered":"FAQs"},"content":{"rendered":"\n  <div class=\"banner has-hover\" id=\"banner-3925240\">\n          <div class=\"banner-inner fill\">\n        <div class=\"banner-bg fill\" >\n            <img decoding=\"async\" width=\"788\" height=\"800\" src=\"https:\/\/paparmanemtl.ca\/wp-content\/uploads\/2024\/04\/IMG_1585-copy-788x800.jpeg\" class=\"bg attachment-large size-large\" alt=\"plateau th\u00e9\" \/>                        <div class=\"overlay\"><\/div>            \n                    <\/div>\n\t\t\n        <div class=\"banner-layers container\">\n            <div class=\"fill banner-link\"><\/div>            \n   <div id=\"text-box-1636796623\" class=\"text-box banner-layer x50 md-x50 lg-x50 y50 md-y50 lg-y50 res-text\">\n                                <div class=\"text-box-content text dark\">\n              \n              <div class=\"text-inner text-center\">\n                  \n<h1>Frequently Asked Questions<\/h1>\n              <\/div>\n           <\/div>\n                            \n<style>\n#text-box-1636796623 {\n  width: 60%;\n}\n#text-box-1636796623 .text-box-content {\n  font-size: 100%;\n}\n<\/style>\n    <\/div>\n \n        <\/div>\n      <\/div>\n\n            \n<style>\n#banner-3925240 {\n  padding-top: 300px;\n}\n#banner-3925240 .overlay {\n  background-color: rgba(0, 0, 0, 0.17);\n}\n#banner-3925240 .banner-bg img {\n  object-position: 72% 87%;\n}\n<\/style>\n  <\/div>\n\n\n\n\t<section class=\"section\" id=\"section_274844421\">\n\t\t<div class=\"section-bg fill\" >\n\t\t\t<img decoding=\"async\" width=\"2400\" height=\"893\" src=\"https:\/\/paparmanemtl.ca\/wp-content\/uploads\/2024\/01\/fond_section2-2500-930px-web.jpg\" class=\"bg attachment-original size-original\" alt=\"Fonds section 2\" \/>\t\t\t\t\t\t\n\t\t\t\n\n\t\t<\/div>\n\n\t\t\n\n\t\t<div class=\"section-content relative\">\n\t\t\t\n<div class=\"row align-center\" style=\"max-width:800px\" id=\"row-1154092067\">\n\n\t<div id=\"col-637621473\" class=\"col small-12 large-12\"  >\n\t\t\t\t<div class=\"col-inner\" style=\"background-color:rgb(255, 255, 255);\" >\n\t\t\t\n\t\t\t\n\t<div id=\"text-1698003470\" class=\"text\">\n\t\t\n<h2>You Asked Us!<\/h2>\n\t\t\n<style>\n#text-1698003470 {\n  text-align: center;\n}\n<\/style>\n\t<\/div>\n\t\n<div class=\"accordion\">\n\t<div id=\"accordion-106361644\" class=\"accordion-item\">\n\t\t<a id=\"accordion-106361644-label\" class=\"accordion-title plain active\" href=\"#accordion-item-is-your-tea-room-wheelchair-accessible?\" aria-expanded=\"true\" aria-controls=\"accordion-106361644-content\">\n\t\t\t<button class=\"toggle\" aria-label=\"Toggle\"><i class=\"icon-angle-down\" aria-hidden=\"true\"><\/i><\/button>\n\t\t\t<span>Is Your Tea Room Wheelchair Accessible?<\/span>\n\t\t<\/a>\n\t\t<div id=\"accordion-106361644-content\" class=\"accordion-inner\" style=\"display: block;\" aria-labelledby=\"accordion-106361644-label\">\n\t\t\t\n<p>We are located in a heritage building that is not wheelchair accessible. There are two small steps at the entrance to the building, which we can remedy with a portable ramp. However, the washrooms are located in the basement of the building.<\/p>\n\t\t<\/div>\n\t<\/div>\n\t\n\t<div id=\"accordion-2303625392\" class=\"accordion-item\">\n\t\t<a id=\"accordion-2303625392-label\" class=\"accordion-title plain\" href=\"#accordion-item-do-you-have-a-gluten-free-menu?\" aria-expanded=\"false\" aria-controls=\"accordion-2303625392-content\">\n\t\t\t<button class=\"toggle\" aria-label=\"Toggle\"><i class=\"icon-angle-down\" aria-hidden=\"true\"><\/i><\/button>\n\t\t\t<span>Do You Have a Gluten-Free Menu?<\/span>\n\t\t<\/a>\n\t\t<div id=\"accordion-2303625392-content\" class=\"accordion-inner\" aria-labelledby=\"accordion-2303625392-label\">\n\t\t\t\n<p>We are offering a gluten-free &#8220;high tea&#8221; prepared with gluten-free ingredients for guests who want to reduce their consumption of gluten, not suitable for people with severe allergies or intolerances due to risks of cross-contamination in our kitchen.<\/p>\n\t\t<\/div>\n\t<\/div>\n\t\n\t<div id=\"accordion-1809119593\" class=\"accordion-item\">\n\t\t<a id=\"accordion-1809119593-label\" class=\"accordion-title plain\" href=\"#accordion-item-i-have-food-allergies.-can-you-guarantee-the-absence-of-allergens-in-your-preparations?\" aria-expanded=\"false\" aria-controls=\"accordion-1809119593-content\">\n\t\t\t<button class=\"toggle\" aria-label=\"Toggle\"><i class=\"icon-angle-down\" aria-hidden=\"true\"><\/i><\/button>\n\t\t\t<span>I have food allergies. Can you guarantee the absence of allergens in your preparations?<\/span>\n\t\t<\/a>\n\t\t<div id=\"accordion-1809119593-content\" class=\"accordion-inner\" aria-labelledby=\"accordion-1809119593-label\">\n\t\t\t\n<p data-sourcepos=\"5:1-5:214\">Each tea time platter consists of 11 sweet and savory bites. However, due to the variety of ingredients and the manual preparation of each platter, there is an inherent risk of cross-contamination between products.<\/p>\n<p data-sourcepos=\"7:1-7:176\">While we take every precaution to minimize this risk, we cannot guarantee the absence of traces of allergens in our creations. The following allergens are present in our bites:<\/p>\n<ul data-sourcepos=\"9:1-15:0\">\n<li data-sourcepos=\"9:1-9:6\">eggs<\/li>\n<li data-sourcepos=\"10:1-10:5\">soy<\/li>\n<li data-sourcepos=\"11:1-11:6\">nuts<\/li>\n<li data-sourcepos=\"12:1-12:8\">sesame<\/li>\n<li data-sourcepos=\"13:1-13:30\">onions and the allium family<\/li>\n<li data-sourcepos=\"14:1-15:0\">spices<\/li>\n<li data-sourcepos=\"14:1-15:0\">sulfites<\/li>\n<\/ul>\n<p data-sourcepos=\"16:1-16:153\">It is essential that we are informed of this <strong>BEFORE YOUR VISIT<\/strong>, so that we can provide you with the necessary information in advance for your safety.<\/p>\n\t\t<\/div>\n\t<\/div>\n\t\n\t<div id=\"accordion-1791801931\" class=\"accordion-item\">\n\t\t<a id=\"accordion-1791801931-label\" class=\"accordion-title plain\" href=\"#accordion-item-i&#039;m-diabetic-and-need-to-limit-my-sugar-intake.-%20can-you-adapt-my-platter?\" aria-expanded=\"false\" aria-controls=\"accordion-1791801931-content\">\n\t\t\t<button class=\"toggle\" aria-label=\"Toggle\"><i class=\"icon-angle-down\" aria-hidden=\"true\"><\/i><\/button>\n\t\t\t<span>I'm diabetic and need to limit my sugar intake.  Can you adapt my platter?<\/span>\n\t\t<\/a>\n\t\t<div id=\"accordion-1791801931-content\" class=\"accordion-inner\" aria-labelledby=\"accordion-1791801931-label\">\n\t\t\t\n<p data-sourcepos=\"5:1-5:214\">We can replace the 4 sweet bites with 3 savory bites of the chef&#8217;s choice. It&#8217;s important to mention this at the time of booking.<\/p>\n\t\t<\/div>\n\t<\/div>\n\t\n\t<div id=\"accordion-368189601\" class=\"accordion-item\">\n\t\t<a id=\"accordion-368189601-label\" class=\"accordion-title plain\" href=\"#accordion-item-do-you-have-a-lactose-free-menu?\" aria-expanded=\"false\" aria-controls=\"accordion-368189601-content\">\n\t\t\t<button class=\"toggle\" aria-label=\"Toggle\"><i class=\"icon-angle-down\" aria-hidden=\"true\"><\/i><\/button>\n\t\t\t<span>Do You Have a Lactose-Free Menu?<\/span>\n\t\t<\/a>\n\t\t<div id=\"accordion-368189601-content\" class=\"accordion-inner\" aria-labelledby=\"accordion-368189601-label\">\n\t\t\t\n<p>Our vegan menu does not contain any dairy products and is suitable for people with lactose intolerance.<\/p>\n\t\t<\/div>\n\t<\/div>\n\t\n\t<div id=\"accordion-2279289307\" class=\"accordion-item\">\n\t\t<a id=\"accordion-2279289307-label\" class=\"accordion-title plain\" href=\"#accordion-item-do-you-have-a-vegan-menu?\" aria-expanded=\"false\" aria-controls=\"accordion-2279289307-content\">\n\t\t\t<button class=\"toggle\" aria-label=\"Toggle\"><i class=\"icon-angle-down\" aria-hidden=\"true\"><\/i><\/button>\n\t\t\t<span>Do You Have a Vegan Menu?<\/span>\n\t\t<\/a>\n\t\t<div id=\"accordion-2279289307-content\" class=\"accordion-inner\" aria-labelledby=\"accordion-2279289307-label\">\n\t\t\t\n<p>We offer an all-vegan platter upon reservation 24 hours in advance. Please note that this option contains several nuts and is not suitable for allergy sufferers (pecans, walnuts, cashews, pistachios).<\/p>\n\t\t<\/div>\n\t<\/div>\n\t\n\t<div id=\"accordion-3411722954\" class=\"accordion-item\">\n\t\t<a id=\"accordion-3411722954-label\" class=\"accordion-title plain\" href=\"#accordion-item-what-is-our-royal-tea-time?\" aria-expanded=\"false\" aria-controls=\"accordion-3411722954-content\">\n\t\t\t<button class=\"toggle\" aria-label=\"Toggle\"><i class=\"icon-angle-down\" aria-hidden=\"true\"><\/i><\/button>\n\t\t\t<span>What is our ROYAL TEA TIME?<\/span>\n\t\t<\/a>\n\t\t<div id=\"accordion-3411722954-content\" class=\"accordion-inner\" aria-labelledby=\"accordion-3411722954-label\">\n\t\t\t\n<p>Our ROYAL TEA TIME includes a mini bottle of champagne (200 ml) and your choice of tea from our PREMIUM tea selection.<\/p>\n\t\t<\/div>\n\t<\/div>\n\t\n\t<div id=\"accordion-1073262748\" class=\"accordion-item\">\n\t\t<a id=\"accordion-1073262748-label\" class=\"accordion-title plain\" href=\"#accordion-item-do-you-have-an-alcohol-menu?\" aria-expanded=\"false\" aria-controls=\"accordion-1073262748-content\">\n\t\t\t<button class=\"toggle\" aria-label=\"Toggle\"><i class=\"icon-angle-down\" aria-hidden=\"true\"><\/i><\/button>\n\t\t\t<span>Do You Have an Alcohol Menu?<\/span>\n\t\t<\/a>\n\t\t<div id=\"accordion-1073262748-content\" class=\"accordion-inner\" aria-labelledby=\"accordion-1073262748-label\">\n\t\t\t\n<p>We have a menu of cocktails, wines, beers, and bubbles to add to the party!<\/p>\n\t\t<\/div>\n\t<\/div>\n\t\n\t<div id=\"accordion-1915085645\" class=\"accordion-item\">\n\t\t<a id=\"accordion-1915085645-label\" class=\"accordion-title plain\" href=\"#accordion-item-do-you-still-serve-the-9am-tea-(brunch-tea)?\" aria-expanded=\"false\" aria-controls=\"accordion-1915085645-content\">\n\t\t\t<button class=\"toggle\" aria-label=\"Toggle\"><i class=\"icon-angle-down\" aria-hidden=\"true\"><\/i><\/button>\n\t\t\t<span>Do you still serve the 9AM TEA (brunch tea)?<\/span>\n\t\t<\/a>\n\t\t<div id=\"accordion-1915085645-content\" class=\"accordion-inner\" aria-labelledby=\"accordion-1915085645-label\">\n\t\t\t\n<p>We serve the 9AM TEA, Paparmane\u2019s brunch tea, on special occasions and during the holiday season. It\u2019s also possible to reserve the 9AM TEA for a group of 40 people.<br \/>Write to us at <a href=\"mailto:reservations@paparmanemtl.ca\">reservations@paparmanemtl.ca<\/a><\/p>\n<pNous servons le TH\u00c9 DE 9H, le th\u00e9 brunch de Paparmane, lors d'occasions sp\u00e9ciales et lors du temps des F\u00eates.  Il est possible de r\u00e9server le TH\u00c9 DE 9H pour un groupe de 40 personnes \u00e9galement.  \u00c9crivez-nous \u00e0 reservations@paparmanemtl.ca<\/p>\n\t\t<\/div>\n\t<\/div>\n\t\n\t<div id=\"accordion-2702025782\" class=\"accordion-item\">\n\t\t<a id=\"accordion-2702025782-label\" class=\"accordion-title plain\" href=\"#accordion-item-can-we-reserve-the-restaurant-for-private-functions?\" aria-expanded=\"false\" aria-controls=\"accordion-2702025782-content\">\n\t\t\t<button class=\"toggle\" aria-label=\"Toggle\"><i class=\"icon-angle-down\" aria-hidden=\"true\"><\/i><\/button>\n\t\t\t<span>Can We Reserve the Restaurant for Private Functions?<\/span>\n\t\t<\/a>\n\t\t<div id=\"accordion-2702025782-content\" class=\"accordion-inner\" aria-labelledby=\"accordion-2702025782-label\">\n\t\t\t\n<p>We do not accept private groups on weekends. We can accommodate groups of 12 to 14 people maximum. Please contact info@paparmanemtl.ca for reservations of more than 8 people.<\/p>\n\t\t<\/div>\n\t<\/div>\n\t\n\t<div id=\"accordion-4148299893\" class=\"accordion-item\">\n\t\t<a id=\"accordion-4148299893-label\" class=\"accordion-title plain\" href=\"#accordion-item-are-children-welcome?\" aria-expanded=\"false\" aria-controls=\"accordion-4148299893-content\">\n\t\t\t<button class=\"toggle\" aria-label=\"Toggle\"><i class=\"icon-angle-down\" aria-hidden=\"true\"><\/i><\/button>\n\t\t\t<span>Are Children Welcome?<\/span>\n\t\t<\/a>\n\t\t<div id=\"accordion-4148299893-content\" class=\"accordion-inner\" aria-labelledby=\"accordion-4148299893-label\">\n\t\t\t\n<p>We love little treasures, and we have a menu designed just for them.<br \/>However, in order to preserve the tranquility and unique atmosphere of our establishment, we are unfortunately unable to accommodate <strong>children&#8217;s party groups.<\/strong><\/p>\n<p>Be sure to mention the presence of a little treasure when making your reservation, as well as its age, so that we can prepare for your arrival (high chair, children&#8217;s menu, stroller area&#8230;).<\/p>\n\t\t<\/div>\n\t<\/div>\n\t\n\t<div id=\"accordion-103710982\" class=\"accordion-item\">\n\t\t<a id=\"accordion-103710982-label\" class=\"accordion-title plain\" href=\"#accordion-item-is-there-parking?\" aria-expanded=\"false\" aria-controls=\"accordion-103710982-content\">\n\t\t\t<button class=\"toggle\" aria-label=\"Toggle\"><i class=\"icon-angle-down\" aria-hidden=\"true\"><\/i><\/button>\n\t\t\t<span>Is There Parking?<\/span>\n\t\t<\/a>\n\t\t<div id=\"accordion-103710982-content\" class=\"accordion-inner\" aria-labelledby=\"accordion-103710982-label\">\n\t\t\t\n<p>There is no free parking in Old Montreal. It&#8217;s not easy to find parking on the surrounding streets, but several outdoor public parking lots are available just around the corner. The Embassy Suite hotel&#8217;s indoor parking lot around the corner is also a good option.<\/p>\n\t\t<\/div>\n\t<\/div>\n\t\n\t<div id=\"accordion-3025957741\" class=\"accordion-item\">\n\t\t<a id=\"accordion-3025957741-label\" class=\"accordion-title plain\" href=\"#accordion-item-is-it-possible-to-come-to-paparmane-only-to-have-a-tea?\" aria-expanded=\"false\" aria-controls=\"accordion-3025957741-content\">\n\t\t\t<button class=\"toggle\" aria-label=\"Toggle\"><i class=\"icon-angle-down\" aria-hidden=\"true\"><\/i><\/button>\n\t\t\t<span>Is It Possible to Come to Paparmane Only to Have a Tea?<\/span>\n\t\t<\/a>\n\t\t<div id=\"accordion-3025957741-content\" class=\"accordion-inner\" aria-labelledby=\"accordion-3025957741-label\">\n\t\t\t\n<p>Paparmane only offers the full high tea experience including a 3 tier platter per person.<\/p>\n\t\t<\/div>\n\t<\/div>\n\t\n\t<div id=\"accordion-4144548960\" class=\"accordion-item\">\n\t\t<a id=\"accordion-4144548960-label\" class=\"accordion-title plain\" href=\"#accordion-item-do-you-allow-animals?\" aria-expanded=\"false\" aria-controls=\"accordion-4144548960-content\">\n\t\t\t<button class=\"toggle\" aria-label=\"Toggle\"><i class=\"icon-angle-down\" aria-hidden=\"true\"><\/i><\/button>\n\t\t\t<span>Do you allow animals?<\/span>\n\t\t<\/a>\n\t\t<div id=\"accordion-4144548960-content\" class=\"accordion-inner\" aria-labelledby=\"accordion-4144548960-label\">\n\t\t\t\n<p>The Food Safety and Public Health Act prevents animals from entering areas where food is prepared or served, with the exception of assistance animals (such as guide dogs for the visually impaired).<\/p>\n\t\t<\/div>\n\t<\/div>\n\t\n\t<div id=\"accordion-3961384895\" class=\"accordion-item\">\n\t\t<a id=\"accordion-3961384895-label\" class=\"accordion-title plain\" href=\"#accordion-item-can-we-bring-a-birthday-cake?\" aria-expanded=\"false\" aria-controls=\"accordion-3961384895-content\">\n\t\t\t<button class=\"toggle\" aria-label=\"Toggle\"><i class=\"icon-angle-down\" aria-hidden=\"true\"><\/i><\/button>\n\t\t\t<span>Can we bring a birthday cake?<\/span>\n\t\t<\/a>\n\t\t<div id=\"accordion-3961384895-content\" class=\"accordion-inner\" aria-labelledby=\"accordion-3961384895-label\">\n\t\t\t\n<p data-sourcepos=\"5:1-5:203\">To highlight your special occasions, our pastry chefs have prepared a surprise for the person being celebrated. Please let us know, when booking, of the event you will be highlighting during your visit.<\/p>\n<p data-sourcepos=\"7:1-7:289\"><strong> It is not possible to bring your own cake.<\/strong><\/p>\n\t\t<\/div>\n\t<\/div>\n\t\n\t<div id=\"accordion-3262865328\" class=\"accordion-item\">\n\t\t<a id=\"accordion-3262865328-label\" class=\"accordion-title plain\" href=\"#accordion-item-can-we-bring-flowers-or-gifts?\" aria-expanded=\"false\" aria-controls=\"accordion-3262865328-content\">\n\t\t\t<button class=\"toggle\" aria-label=\"Toggle\"><i class=\"icon-angle-down\" aria-hidden=\"true\"><\/i><\/button>\n\t\t\t<span>Can we bring flowers or gifts?<\/span>\n\t\t<\/a>\n\t\t<div id=\"accordion-3262865328-content\" class=\"accordion-inner\" aria-labelledby=\"accordion-3262865328-label\">\n\t\t\t\n<p data-sourcepos=\"5:1-5:83\">Given the limited space in our tea room, we cannot provide space for a gift table.<\/p>\n<p data-sourcepos=\"7:1-7:110\">Our tables are already quite full, which does not allow for the addition of a bouquet of flowers or balloons.<\/p>\n\t\t<\/div>\n\t<\/div>\n\t\n\t<div id=\"accordion-4225603743\" class=\"accordion-item\">\n\t\t<a id=\"accordion-4225603743-label\" class=\"accordion-title plain\" href=\"#accordion-item-is-there-a-dress-code?-if-so,-what-is-it?\" aria-expanded=\"false\" aria-controls=\"accordion-4225603743-content\">\n\t\t\t<button class=\"toggle\" aria-label=\"Toggle\"><i class=\"icon-angle-down\" aria-hidden=\"true\"><\/i><\/button>\n\t\t\t<span>Is there a dress code? If so, what is it?<\/span>\n\t\t<\/a>\n\t\t<div id=\"accordion-4225603743-content\" class=\"accordion-inner\" aria-labelledby=\"accordion-4225603743-label\">\n\t\t\t\n<p data-sourcepos=\"5:1-5:180\">While there is no mandatory dress code and everyone is welcome for tea time at Paparmane, we recommend a &#8220;smart casual&#8221; outfit for a touch of elegance while remaining comfortable.<\/p>\n\t\t<\/div>\n\t<\/div>\n\t\n\t<div id=\"accordion-2383975918\" class=\"accordion-item\">\n\t\t<a id=\"accordion-2383975918-label\" class=\"accordion-title plain\" href=\"#accordion-item-is-it-possible-to-share-a-tray?\" aria-expanded=\"false\" aria-controls=\"accordion-2383975918-content\">\n\t\t\t<button class=\"toggle\" aria-label=\"Toggle\"><i class=\"icon-angle-down\" aria-hidden=\"true\"><\/i><\/button>\n\t\t\t<span>Is It Possible to Share a Tray?<\/span>\n\t\t<\/a>\n\t\t<div id=\"accordion-2383975918-content\" class=\"accordion-inner\" aria-labelledby=\"accordion-2383975918-label\">\n\t\t\t\n<p>The trays are designed for one person, each person receives a full tray for their &#8220;tea time&#8221;.<\/p>\n\t\t<\/div>\n\t<\/div>\n\t\n\t<div id=\"accordion-2041401879\" class=\"accordion-item\">\n\t\t<a id=\"accordion-2041401879-label\" class=\"accordion-title plain\" href=\"#accordion-item-how-long-is-the-reservation-for?-how-long-can-we-stay?\" aria-expanded=\"false\" aria-controls=\"accordion-2041401879-content\">\n\t\t\t<button class=\"toggle\" aria-label=\"Toggle\"><i class=\"icon-angle-down\" aria-hidden=\"true\"><\/i><\/button>\n\t\t\t<span>How long is the reservation for? How long can we stay?<\/span>\n\t\t<\/a>\n\t\t<div id=\"accordion-2041401879-content\" class=\"accordion-inner\" aria-labelledby=\"accordion-2041401879-label\">\n\t\t\t\n<p>Tables are booked every 2 hours, we allow approximately 1 hour 30 minutes to 1 hour 45 minutes for your TEA TIME experience. The tea room closes its doors about 2 hours after the last service.<\/p>\n\t\t<\/div>\n\t<\/div>\n\t\n\t<div id=\"accordion-3901879120\" class=\"accordion-item\">\n\t\t<a id=\"accordion-3901879120-label\" class=\"accordion-title plain\" href=\"#accordion-item-what-are-the-parking-options-near-the-tea-room?\" aria-expanded=\"false\" aria-controls=\"accordion-3901879120-content\">\n\t\t\t<button class=\"toggle\" aria-label=\"Toggle\"><i class=\"icon-angle-down\" aria-hidden=\"true\"><\/i><\/button>\n\t\t\t<span>What are the parking options near the tea room?<\/span>\n\t\t<\/a>\n\t\t<div id=\"accordion-3901879120-content\" class=\"accordion-inner\" aria-labelledby=\"accordion-3901879120-label\">\n\t\t\t\n<p data-sourcepos=\"5:1-5:168\">Parking can be tricky in Old Montreal depending on the day or time of your visit. Several paid parking lots (indoor and outdoor) are available in the surrounding area.<\/p>\n<p data-sourcepos=\"7:1-7:82\">The Place d&#8217;Armes and Square Victoria metro stations are within walking distance.<\/p>\n\t\t<\/div>\n\t<\/div>\n\t\n\t<div id=\"accordion-863481535\" class=\"accordion-item\">\n\t\t<a id=\"accordion-863481535-label\" class=\"accordion-title plain\" href=\"#accordion-item-are-laptop-computers-allowed?\" aria-expanded=\"false\" aria-controls=\"accordion-863481535-content\">\n\t\t\t<button class=\"toggle\" aria-label=\"Toggle\"><i class=\"icon-angle-down\" aria-hidden=\"true\"><\/i><\/button>\n\t\t\t<span>Are laptop computers allowed?<\/span>\n\t\t<\/a>\n\t\t<div id=\"accordion-863481535-content\" class=\"accordion-inner\" aria-labelledby=\"accordion-863481535-label\">\n\t\t\t\n<p>In order to preserve the magic of the tea room and promote a moment of escape, we do not allow laptop computers during service.<\/p>\n\t\t<\/div>\n\t<\/div>\n\t\n<\/div>\n\t\t<\/div>\n\t\t\t\t\n<style>\n#col-637621473 > .col-inner {\n  padding: 3% 3% 3% 3%;\n  margin: 2% 2% 2% 2%;\n}\n<\/style>\n\t<\/div>\n\n\t\n<\/div>\n\t\t<\/div>\n\n\t\t\n<style>\n#section_274844421 {\n  padding-top: 30px;\n  padding-bottom: 30px;\n}\n<\/style>\n\t<\/section>\n\t\n","protected":false},"excerpt":{"rendered":"","protected":false},"author":73,"featured_media":0,"parent":0,"menu_order":0,"comment_status":"closed","ping_status":"closed","template":"page-blank.php","meta":{"footnotes":""},"class_list":["post-6440","page","type-page","status-publish","hentry"],"_links":{"self":[{"href":"https:\/\/paparmanemtl.ca\/en\/wp-json\/wp\/v2\/pages\/6440","targetHints":{"allow":["GET"]}}],"collection":[{"href":"https:\/\/paparmanemtl.ca\/en\/wp-json\/wp\/v2\/pages"}],"about":[{"href":"https:\/\/paparmanemtl.ca\/en\/wp-json\/wp\/v2\/types\/page"}],"author":[{"embeddable":true,"href":"https:\/\/paparmanemtl.ca\/en\/wp-json\/wp\/v2\/users\/73"}],"replies":[{"embeddable":true,"href":"https:\/\/paparmanemtl.ca\/en\/wp-json\/wp\/v2\/comments?post=6440"}],"version-history":[{"count":0,"href":"https:\/\/paparmanemtl.ca\/en\/wp-json\/wp\/v2\/pages\/6440\/revisions"}],"wp:attachment":[{"href":"https:\/\/paparmanemtl.ca\/en\/wp-json\/wp\/v2\/media?parent=6440"}],"curies":[{"name":"wp","href":"https:\/\/api.w.org\/{rel}","templated":true}]}}