{"id":6409,"date":"2024-01-24T11:39:00","date_gmt":"2024-01-24T16:39:00","guid":{"rendered":"https:\/\/paparmanemtl.ca\/home\/"},"modified":"2026-03-11T08:15:24","modified_gmt":"2026-03-11T13:15:24","slug":"home-test","status":"publish","type":"page","link":"https:\/\/paparmanemtl.ca\/en\/","title":{"rendered":"Home"},"content":{"rendered":"\n  <div class=\"banner has-hover\" id=\"banner-1999347901\">\n          <div class=\"banner-inner fill\">\n        <div class=\"banner-bg fill\" >\n            <img decoding=\"async\" width=\"2400\" height=\"720\" src=\"https:\/\/paparmanemtl.ca\/wp-content\/uploads\/2024\/04\/IMG_1890-2-crop-2500-750.jpg\" class=\"bg attachment-original size-original\" alt=\"salon de th\u00e9 Paparmane\" \/>                                    \n                    <\/div>\n\t\t\n        <div class=\"banner-layers container\">\n            <div class=\"fill banner-link\"><\/div>            \n   <div id=\"text-box-2089136708\" class=\"text-box banner-layer x0 md-x0 lg-x0 y50 md-y50 lg-y50 res-text\">\n                     <div data-animate=\"flipInY\">           <div class=\"text-box-content text box-shadow-3 dark\">\n              \n              <div class=\"text-inner text-left\">\n                  \n\t<div id=\"text-1691243682\" class=\"text\">\n\t\t\n<h1>Paparmane Tea Room<\/h1>\n<p class=\"lead\">One step away from the Notre-Dame Basilica in Old Montreal, the Paparmane tea room offers its colorful version of English tea time in a gourmet and festive spirit.<\/p>\n\t\t\n<style>\n#text-1691243682 {\n  text-align: center;\n}\n<\/style>\n\t<\/div>\n\t\n              <\/div>\n           <\/div>\n       <\/div>                     \n<style>\n#text-box-2089136708 .text-inner {\n  padding: 5% 5% 5% 0px;\n}\n#text-box-2089136708 {\n  width: 60%;\n}\n#text-box-2089136708 .text-box-content {\n  font-size: 100%;\n}\n@media (min-width:550px) {\n  #text-box-2089136708 {\n    width: 35%;\n  }\n}\n<\/style>\n    <\/div>\n \n        <\/div>\n      <\/div>\n\n            \n<style>\n#banner-1999347901 {\n  padding-top: 550px;\n}\n#banner-1999347901 .banner-bg img {\n  object-position: 46% 73%;\n}\n<\/style>\n  <\/div>\n\n\n\n\t<section class=\"section\" id=\"section_356585027\">\n\t\t<div class=\"section-bg fill\" >\n\t\t\t<img decoding=\"async\" width=\"2500\" height=\"930\" src=\"https:\/\/paparmanemtl.ca\/wp-content\/uploads\/2024\/01\/fond_section2-2500-930px-web.jpg\" class=\"bg attachment-original size-original\" alt=\"Fonds section 2\" \/>\t\t\t\t\t\t\n\t\t\t\n\n\t\t<\/div>\n\n\t\t\n\n\t\t<div class=\"section-content relative\">\n\t\t\t\n<div class=\"row row-full-width\"  id=\"row-45273122\">\n\n\t<div id=\"col-1303507813\" class=\"col medium-4 small-12 large-4\"  >\n\t\t\t\t<div class=\"col-inner\"  >\n\t\t\t\n\t\t\t\n\t<div class=\"img has-hover x md-x lg-x y md-y lg-y\" id=\"image_141668783\">\n\t\t\t\t\t\t<div data-animate=\"fadeInRight\">\t\t<div class=\"img-inner dark\" style=\"margin:20px -45px 0px 60px;\">\n\t\t\t<img decoding=\"async\" width=\"900\" height=\"1200\" src=\"https:\/\/paparmanemtl.ca\/wp-content\/uploads\/2026\/03\/temps-sucres-2026-web.jpg\" class=\"attachment-original size-original\" alt=\"temps des sucres\" srcset=\"https:\/\/paparmanemtl.ca\/wp-content\/uploads\/2026\/03\/temps-sucres-2026-web.jpg 900w, https:\/\/paparmanemtl.ca\/wp-content\/uploads\/2026\/03\/temps-sucres-2026-web-300x400.jpg 300w, https:\/\/paparmanemtl.ca\/wp-content\/uploads\/2026\/03\/temps-sucres-2026-web-600x800.jpg 600w, https:\/\/paparmanemtl.ca\/wp-content\/uploads\/2026\/03\/temps-sucres-2026-web-768x1024.jpg 768w, https:\/\/paparmanemtl.ca\/wp-content\/uploads\/2026\/03\/temps-sucres-2026-web-510x680.jpg 510w\" sizes=\"(max-width: 900px) 100vw, 900px\" \/>\t\t\t\t\t\t\n\t\t\t\t\t<\/div>\n\t\t<\/div>\t\t\t\t\t\t\n<style>\n#image_141668783 {\n  width: 100%;\n}\n<\/style>\n\t<\/div>\n\t\n\t\t<\/div>\n\t\t\t\t\t<\/div>\n\n\t\n\n\t<div id=\"col-1328489222\" class=\"col medium-6 small-12 large-6\"  >\n\t\t\t\t<div class=\"col-inner text-center dark\" style=\"background-color:rgba(207, 39, 77, 0.95);\" >\n\t\t\t\n\t\t\t\n\t<div id=\"text-1236295135\" class=\"text\">\n\t\t\n<h2 style=\"text-align: center;\"><span style=\"font-size: 150%;\">\u2728 Sugaring Season<br \/>March 11th &#8211; May 3rd , 2026\u2728<\/span><\/h2>\n<p style=\"text-align: left;\">As the light begins to shift and the air gently hints at spring, Quebec celebrates one of its most precious treasures: maple syrup.<\/p>\n<p style=\"text-align: left;\">At Paparmane, Sugaring Season unfolds with finesse and subtlety \u2014 a refined tribute to our culinary heritage. Under the creative direction of chef and co-owner Yoann Bouyer, tradition meets elegance, and time-honoured flavours return to the table with delicacy. <\/p>\n<p style=\"text-align: left;\">At the heart of the season:<\/p>\n<ul style=\"text-align: left;\">\n<li>a chic mini tourti\u00e8re, rich and comforting,<\/li>\n<li>notre interpr\u00e9tation du pouding ch\u00f4meur, tout en finesse et en \u00e9quilibre,<\/li>\n<li>a brioche bun filled with maple-glazed ham, gently braised and caramelized,un petit pain brioch\u00e9 fourr\u00e9 au jambon laqu\u00e9, doucement brais\u00e9 et caram\u00e9lis\u00e9<\/li>\n<li>and the delicate presence of maple syrup woven throughout several creations on our Sugaring Season tiered platter.<\/li>\n<\/ul>\n<p style=\"text-align: left;\">Each bite celebrates the richness of our terroir and this special time of year \u2014 when the sap begins to flow, maple groves come alive, and we gather around flavours that feel like home.<\/p>\n<p style=\"text-align: left;\">Let yourself be carried into this luminous season \u2014 a moment to share, where tradition meets refinement.<\/p>\n\t\t\n<style>\n#text-1236295135 {\n  text-align: center;\n}\n<\/style>\n\t<\/div>\n\t\n<a href=\"https:\/\/paparmanemtl.ca\/en\/reservations\/\" class=\"button white\" style=\"border-radius:99px;\">\n\t\t<span>Book Your Experience<\/span>\n\t<i class=\"icon-angle-right\" aria-hidden=\"true\"><\/i><\/a>\n\n\t\t<\/div>\n\t\t\t\t\n<style>\n#col-1328489222 > .col-inner {\n  padding: 5% 10% 5% 10%;\n  margin: -10% 0px 0px 0px;\n}\n<\/style>\n\t<\/div>\n\n\t\n\n\t<div id=\"col-1451528663\" class=\"col medium-2 small-12 large-2\"  >\n\t\t\t\t<div class=\"col-inner\"  >\n\t\t\t\n\t\t\t\n\t<div class=\"img has-hover x md-x lg-x y md-y lg-y\" id=\"image_485867322\">\n\t\t\t\t\t\t<div data-animate=\"fadeInRight\">\t\t<div class=\"img-inner dark\" style=\"margin:0px 0px 0px -150px;\">\n\t\t\t<img decoding=\"async\" width=\"254\" height=\"400\" src=\"https:\/\/paparmanemtl.ca\/wp-content\/uploads\/2023\/12\/Paparmane-lampe-du-bar-640-1010px-transparent-254x400.png\" class=\"attachment-medium size-medium\" alt=\"lampe\" srcset=\"https:\/\/paparmanemtl.ca\/wp-content\/uploads\/2023\/12\/Paparmane-lampe-du-bar-640-1010px-transparent-254x400.png 254w, https:\/\/paparmanemtl.ca\/wp-content\/uploads\/2023\/12\/Paparmane-lampe-du-bar-640-1010px-transparent-507x800.png 507w, https:\/\/paparmanemtl.ca\/wp-content\/uploads\/2023\/12\/Paparmane-lampe-du-bar-640-1010px-transparent-510x804.png 510w, https:\/\/paparmanemtl.ca\/wp-content\/uploads\/2023\/12\/Paparmane-lampe-du-bar-640-1010px-transparent.png 640w\" sizes=\"(max-width: 254px) 100vw, 254px\" \/>\t\t\t\t\t\t\n\t\t\t\t\t<\/div>\n\t\t<\/div>\t\t\t\t\t\t\n<style>\n#image_485867322 {\n  width: 100%;\n}\n<\/style>\n\t<\/div>\n\t\n\t\t<\/div>\n\t\t\t\t\n<style>\n#col-1451528663 > .col-inner {\n  margin: -20% 0px 0px 0px;\n}\n<\/style>\n\t<\/div>\n\n\t\n<\/div>\n\t\t<\/div>\n\n\t\t\n<style>\n#section_356585027 {\n  padding-top: 0px;\n  padding-bottom: 0px;\n}\n<\/style>\n\t<\/section>\n\t\n\n\t<section class=\"section\" id=\"section_1642117918\">\n\t\t<div class=\"section-bg fill\" >\n\t\t\t<img decoding=\"async\" width=\"2400\" height=\"1200\" src=\"https:\/\/paparmanemtl.ca\/wp-content\/uploads\/2024\/04\/IMG_1883-2500px-1250px-web-1.jpg\" class=\"bg attachment-original size-original\" alt=\"canap\u00e9\" \/>\t\t\t\t\t\t\n\t\t\t\n\n\t\t<\/div>\n\n\t\t\n\n\t\t<div class=\"section-content relative\">\n\t\t\t\n<div class=\"row row-full-width align-middle\"  id=\"row-1244550310\">\n\n\t<div id=\"col-526174001\" class=\"col medium-6 small-12 large-6\"  >\n\t\t\t\t<div class=\"col-inner\"  >\n\t\t\t\n\t\t\t\n\t<div class=\"img has-hover x md-x lg-x y md-y lg-y\" id=\"image_1665799226\">\n\t\t\t\t\t\t<div data-animate=\"fadeInLeft\">\t\t<div class=\"img-inner dark\" style=\"margin:0px 0px 0px 100px;\">\n\t\t\t<img decoding=\"async\" width=\"864\" height=\"900\" src=\"https:\/\/paparmanemtl.ca\/wp-content\/uploads\/2026\/03\/Maman-je-t-aime-2025-web-1.jpg\" class=\"attachment-original size-original\" alt=\"fete des m\u00e8res\" srcset=\"https:\/\/paparmanemtl.ca\/wp-content\/uploads\/2026\/03\/Maman-je-t-aime-2025-web-1.jpg 864w, https:\/\/paparmanemtl.ca\/wp-content\/uploads\/2026\/03\/Maman-je-t-aime-2025-web-1-384x400.jpg 384w, https:\/\/paparmanemtl.ca\/wp-content\/uploads\/2026\/03\/Maman-je-t-aime-2025-web-1-768x800.jpg 768w, https:\/\/paparmanemtl.ca\/wp-content\/uploads\/2026\/03\/Maman-je-t-aime-2025-web-1-510x531.jpg 510w\" sizes=\"(max-width: 864px) 100vw, 864px\" \/>\t\t\t\t\t\t\n\t\t\t\t\t<\/div>\n\t\t<\/div>\t\t\t\t\t\t\n<style>\n#image_1665799226 {\n  width: 100%;\n}\n<\/style>\n\t<\/div>\n\t\n\t\t<\/div>\n\t\t\t\t\t<\/div>\n\n\t\n\n\t<div id=\"col-1458798383\" class=\"col medium-6 small-12 large-6\"  >\n\t\t\t\t<div class=\"col-inner text-center dark\" style=\"background-color:rgb(230, 176, 15);\" >\n\t\t\t\n\t\t\t\n\t<div id=\"text-2617787280\" class=\"text\">\n\t\t\n<h2><span style=\"font-size: 150%;\">Mom, I love you<br \/>May 9 &amp; 10, 2026<\/span><\/h2>\n<p>There are loves that shape an entire lifetime.<br \/>For one suspended weekend, Paparmane opens its doors to tenderness, celebrating the women who carry us, inspire us, and help us grow.<\/p>\n<p>Under the theme <strong>MOM, I LOVE YOU<\/strong>, we have imagined an <strong>enveloping Afternoon Tea<\/strong>, soft as an embrace. A moment where time slows, where eyes shine a little brighter, and where mom becomes \u2014 if only for an instant \u2014 the queen of a whimsical, enchanted setting. <\/p>\n<p>For the occasion, our signature tiered platter will be offered at <strong>$75,<\/strong> including a <strong>glass of prosecco (or non-alcoholic cider)<\/strong>, a <strong>special bite from the chef<\/strong>, and other delicate surprises designed to delight.<\/p>\n<p>A precious moment.<br \/>Memories to cherish.<br \/>A magical weekend to simply say: Mom, I love you.<\/p>\n\t\t\n<style>\n#text-2617787280 {\n  text-align: center;\n}\n<\/style>\n\t<\/div>\n\t\n<a href=\"https:\/\/paparmanemtl.ca\/en\/reservations\/\" class=\"button white\" style=\"border-radius:99px;\">\n\t\t<span>Reserve today<\/span>\n\t<i class=\"icon-angle-right\" aria-hidden=\"true\"><\/i><\/a>\n\n\t\t<\/div>\n\t\t\t\t\n<style>\n#col-1458798383 > .col-inner {\n  padding: 5% 5% 5% 5%;\n  margin: 15% 0px 0px -100px;\n}\n<\/style>\n\t<\/div>\n\n\t\n<\/div>\n\t\t<\/div>\n\n\t\t\n<style>\n#section_1642117918 {\n  padding-top: 5%;\n  padding-bottom: 5%;\n}\n#section_1642117918 .section-bg img {\n  object-position: 62% 48%;\n}\n<\/style>\n\t<\/section>\n\t\n\n\t<section class=\"section\" id=\"section_372808168\">\n\t\t<div class=\"section-bg fill\" >\n\t\t\t<img decoding=\"async\" width=\"2500\" height=\"1200\" src=\"https:\/\/paparmanemtl.ca\/wp-content\/uploads\/2024\/01\/fond_section3-2500-1200px-web.jpg\" class=\"bg attachment-original size-original\" alt=\"Fonds section 3\" \/>\t\t\t\t\t\t\n\t\t\t\n\n\t\t<\/div>\n\n\t\t\n\n\t\t<div class=\"section-content relative\">\n\t\t\t\n<div class=\"row row-small row-full-width align-center\"  id=\"row-759860930\">\n\n\t<div id=\"col-1342353147\" class=\"col medium-3 small-12 large-3\"  >\n\t\t\t\t<div class=\"col-inner\"  >\n\t\t\t\n\t\t\t\n\t<div class=\"img has-hover x md-x lg-x y md-y lg-y\" id=\"image_364422890\">\n\t\t\t\t\t\t<div data-animate=\"bounceIn\">\t\t<div class=\"img-inner dark\" style=\"margin:40% 0px 0px 0px;\">\n\t\t\t<img decoding=\"async\" width=\"750\" height=\"750\" src=\"https:\/\/paparmanemtl.ca\/wp-content\/uploads\/2025\/08\/Take-out-teaser-3-750-750px-web.jpg\" class=\"attachment-original size-original\" alt=\"menus \u00e0 emporter\" srcset=\"https:\/\/paparmanemtl.ca\/wp-content\/uploads\/2025\/08\/Take-out-teaser-3-750-750px-web.jpg 750w, https:\/\/paparmanemtl.ca\/wp-content\/uploads\/2025\/08\/Take-out-teaser-3-750-750px-web-400x400.jpg 400w, https:\/\/paparmanemtl.ca\/wp-content\/uploads\/2025\/08\/Take-out-teaser-3-750-750px-web-280x280.jpg 280w, https:\/\/paparmanemtl.ca\/wp-content\/uploads\/2025\/08\/Take-out-teaser-3-750-750px-web-510x510.jpg 510w, https:\/\/paparmanemtl.ca\/wp-content\/uploads\/2025\/08\/Take-out-teaser-3-750-750px-web-100x100.jpg 100w\" sizes=\"(max-width: 750px) 100vw, 750px\" \/>\t\t\t\t\t\t\n\t\t\t\t\t<\/div>\n\t\t<\/div>\t\t\t\t\t\t\n<style>\n#image_364422890 {\n  width: 100%;\n}\n<\/style>\n\t<\/div>\n\t\n\t\t<\/div>\n\t\t\t\t\t<\/div>\n\n\t\n\n\t<div id=\"col-970963479\" class=\"col medium-5 small-12 large-5\"  >\n\t\t\t\t<div class=\"col-inner\"  >\n\t\t\t\n\t\t\t\n\t<div class=\"img has-hover x md-x lg-x y md-y lg-y\" id=\"image_1926451632\">\n\t\t\t\t\t\t<div data-animate=\"fadeInRight\">\t\t<div class=\"img-inner dark\" style=\"margin:0px 0px 0px 50px;\">\n\t\t\t<img decoding=\"async\" width=\"831\" height=\"831\" src=\"https:\/\/paparmanemtl.ca\/wp-content\/uploads\/2025\/09\/take_out_automne_25_CLASSIQUE-830-830px-web.jpg\" class=\"attachment-original size-original\" alt=\"take out automne 2025 - classique\" srcset=\"https:\/\/paparmanemtl.ca\/wp-content\/uploads\/2025\/09\/take_out_automne_25_CLASSIQUE-830-830px-web.jpg 831w, https:\/\/paparmanemtl.ca\/wp-content\/uploads\/2025\/09\/take_out_automne_25_CLASSIQUE-830-830px-web-400x400.jpg 400w, https:\/\/paparmanemtl.ca\/wp-content\/uploads\/2025\/09\/take_out_automne_25_CLASSIQUE-830-830px-web-800x800.jpg 800w, https:\/\/paparmanemtl.ca\/wp-content\/uploads\/2025\/09\/take_out_automne_25_CLASSIQUE-830-830px-web-280x280.jpg 280w, https:\/\/paparmanemtl.ca\/wp-content\/uploads\/2025\/09\/take_out_automne_25_CLASSIQUE-830-830px-web-768x768.jpg 768w, https:\/\/paparmanemtl.ca\/wp-content\/uploads\/2025\/09\/take_out_automne_25_CLASSIQUE-830-830px-web-510x510.jpg 510w, https:\/\/paparmanemtl.ca\/wp-content\/uploads\/2025\/09\/take_out_automne_25_CLASSIQUE-830-830px-web-100x100.jpg 100w\" sizes=\"(max-width: 831px) 100vw, 831px\" \/>\t\t\t\t\t\t\n\t\t\t\t\t<\/div>\n\t\t<\/div>\t\t\t\t\t\t\n<style>\n#image_1926451632 {\n  width: 100%;\n}\n<\/style>\n\t<\/div>\n\t\n\t\t<\/div>\n\t\t\t\t\n<style>\n#col-970963479 > .col-inner {\n  margin: 0px 0px 0px -100px;\n}\n<\/style>\n\t<\/div>\n\n\t\n\n\t<div id=\"col-48932839\" class=\"col medium-4 small-12 large-4\"  >\n\t\t\t\t<div class=\"col-inner text-center dark\" style=\"background-color:rgb(47, 149, 154);\" >\n\t\t\t\n\t\t\t\n\t<div id=\"text-912650905\" class=\"text\">\n\t\t\n<h2><span style=\"font-size: 150%;\">Afternoon Tea To-Go<\/span><\/h2>\n<p>The Paparmane experience can now be enjoyed anywhere \u2014<br \/>at home, at the office, or on a picnic blanket.<\/p>\n<p>Our sweet treats and savoury bites are thoughtfully packed into a refined box with everything you need to recreate afternoon tea\u2026 wherever you may be.<br \/>\n\t\t\n<style>\n#text-912650905 {\n  text-align: center;\n}\n<\/style>\n\t<\/div>\n\t\n<a href=\"https:\/\/paparmanemtl.ca\/en\/take-out\/\" target=\"_blank\" class=\"button white\" rel=\"noopener\" style=\"border-radius:99px;\">\n\t\t<span>order now<\/span>\n\t<i class=\"icon-angle-right\" aria-hidden=\"true\"><\/i><\/a>\n\n\t\t<\/div>\n\t\t\t\t\n<style>\n#col-48932839 > .col-inner {\n  padding: 5% 5% 5% 5%;\n  margin: 50px 0px 0px -150px;\n}\n<\/style>\n\t<\/div>\n\n\t\n<\/div>\n\t\t<\/div>\n\n\t\t\n<style>\n#section_372808168 {\n  padding-top: 5%;\n  padding-bottom: 5%;\n}\n<\/style>\n\t<\/section>\n\t\n\n\t<section class=\"section\" id=\"section_1132310750\">\n\t\t<div class=\"section-bg fill\" >\n\t\t\t<img decoding=\"async\" width=\"2400\" height=\"1200\" src=\"https:\/\/paparmanemtl.ca\/wp-content\/uploads\/2024\/04\/IMG_1883-2500px-1250px-web-1.jpg\" class=\"bg attachment-original size-original\" alt=\"canap\u00e9\" \/>\t\t\t\t\t\t\n\t\t\t\n\n\t\t<\/div>\n\n\t\t\n\n\t\t<div class=\"section-content relative\">\n\t\t\t\n<div class=\"row row-full-width\"  id=\"row-1400906109\">\n\n\t<div id=\"col-665478340\" class=\"col medium-7 small-12 large-7\"  >\n\t\t\t\t<div class=\"col-inner\"  >\n\t\t\t\n\t\t\t\n\t<div class=\"img has-hover x md-x lg-x y md-y lg-y\" id=\"image_1908432434\">\n\t\t\t\t\t\t<div data-animate=\"fadeInLeft\">\t\t<div class=\"img-inner dark\" style=\"margin:0px 0px 0px 100px;\">\n\t\t\t<img decoding=\"async\" width=\"618\" height=\"468\" src=\"https:\/\/paparmanemtl.ca\/wp-content\/uploads\/2024\/04\/Photo-groupe-option-2.jpg\" class=\"attachment-original size-original\" alt=\"groupes\" srcset=\"https:\/\/paparmanemtl.ca\/wp-content\/uploads\/2024\/04\/Photo-groupe-option-2.jpg 618w, https:\/\/paparmanemtl.ca\/wp-content\/uploads\/2024\/04\/Photo-groupe-option-2-528x400.jpg 528w, https:\/\/paparmanemtl.ca\/wp-content\/uploads\/2024\/04\/Photo-groupe-option-2-510x386.jpg 510w\" sizes=\"(max-width: 618px) 100vw, 618px\" \/>\t\t\t\t\t\t\n\t\t\t\t\t<\/div>\n\t\t<\/div>\t\t\t\t\t\t\n<style>\n#image_1908432434 {\n  width: 100%;\n}\n<\/style>\n\t<\/div>\n\t\n\t\t<\/div>\n\t\t\t\t\t<\/div>\n\n\t\n\n\t<div id=\"col-1260600224\" class=\"col medium-5 small-12 large-5\"  >\n\t\t\t\t<div class=\"col-inner text-center dark\" style=\"background-color:rgb(230, 176, 15);\" >\n\t\t\t\n\t\t\t\n\t<div id=\"text-4075113367\" class=\"text\">\n\t\t\n<h2><span style=\"font-size: 150%;\">The More,<br \/>\nThe Merrier!<\/span><\/h2>\n<p>Book to celebrate a 7th to 107th birthday, a friend&#8217;s bachelorette party, a baby shower, or even an office outing. We&#8217;ll take care of everything!<br \/>\n\t\t\n<style>\n#text-4075113367 {\n  text-align: center;\n}\n<\/style>\n\t<\/div>\n\t\n<a href=\"https:\/\/paparmanemtl.ca\/en\/groups\/\" class=\"button white\" style=\"border-radius:99px;\">\n\t\t<span>Group Information<\/span>\n\t<i class=\"icon-angle-right\" aria-hidden=\"true\"><\/i><\/a>\n\n\t\t<\/div>\n\t\t\t\t\n<style>\n#col-1260600224 > .col-inner {\n  padding: 5% 5% 5% 5%;\n  margin: 15% 0px 0px -100px;\n}\n<\/style>\n\t<\/div>\n\n\t\n<\/div>\n\t\t<\/div>\n\n\t\t\n<style>\n#section_1132310750 {\n  padding-top: 5%;\n  padding-bottom: 5%;\n}\n#section_1132310750 .section-bg img {\n  object-position: 62% 48%;\n}\n<\/style>\n\t<\/section>\n\t\n\n\t<section class=\"section\" id=\"section_132231843\">\n\t\t<div class=\"section-bg fill\" >\n\t\t\t<img decoding=\"async\" width=\"2500\" height=\"930\" src=\"https:\/\/paparmanemtl.ca\/wp-content\/uploads\/2024\/01\/fond_section2-2500-930px-web.jpg\" class=\"bg attachment-original size-original\" alt=\"Fonds section 2\" \/>\t\t\t\t\t\t\n\t\t\t\n\n\t\t<\/div>\n\n\t\t\n\n\t\t<div class=\"section-content relative\">\n\t\t\t\n<div class=\"row row-full-width align-middle align-center\"  id=\"row-1146927496\">\n\n\t<div id=\"col-1347374358\" class=\"col medium-6 small-12 large-6\"  >\n\t\t\t\t<div class=\"col-inner\"  >\n\t\t\t\n\t\t\t\n\t<div class=\"img has-hover x md-x lg-x y md-y lg-y\" id=\"image_1601153079\">\n\t\t\t\t\t\t<div data-animate=\"fadeInRight\">\t\t<div class=\"img-inner dark\" >\n\t\t\t<img decoding=\"async\" width=\"2246\" height=\"2388\" src=\"https:\/\/paparmanemtl.ca\/wp-content\/uploads\/2024\/04\/IMG_1764.jpeg\" class=\"attachment-original size-original\" alt=\"boites de th\u00e9\" srcset=\"https:\/\/paparmanemtl.ca\/wp-content\/uploads\/2024\/04\/IMG_1764.jpeg 2246w, https:\/\/paparmanemtl.ca\/wp-content\/uploads\/2024\/04\/IMG_1764-376x400.jpeg 376w, https:\/\/paparmanemtl.ca\/wp-content\/uploads\/2024\/04\/IMG_1764-752x800.jpeg 752w, https:\/\/paparmanemtl.ca\/wp-content\/uploads\/2024\/04\/IMG_1764-768x817.jpeg 768w, https:\/\/paparmanemtl.ca\/wp-content\/uploads\/2024\/04\/IMG_1764-1445x1536.jpeg 1445w, https:\/\/paparmanemtl.ca\/wp-content\/uploads\/2024\/04\/IMG_1764-1926x2048.jpeg 1926w, https:\/\/paparmanemtl.ca\/wp-content\/uploads\/2024\/04\/IMG_1764-510x542.jpeg 510w\" sizes=\"(max-width: 2246px) 100vw, 2246px\" \/>\t\t\t\t\t\t\n\t\t\t\t\t<\/div>\n\t\t<\/div>\t\t\t\t\t\t\n<style>\n#image_1601153079 {\n  width: 100%;\n}\n<\/style>\n\t<\/div>\n\t\n\t\t<\/div>\n\t\t\t\t\n<style>\n#col-1347374358 > .col-inner {\n  margin: 0px 0px 0px 100px;\n}\n<\/style>\n\t<\/div>\n\n\t\n\n\t<div id=\"col-1096819817\" class=\"col medium-5 small-12 large-5\"  >\n\t\t\t\t<div class=\"col-inner text-center dark\" style=\"background-color:rgb(222, 54, 116);\" >\n\t\t\t\n\t\t\t\n\t<div id=\"text-2581854182\" class=\"text\">\n\t\t\n<h2><span style=\"font-size: 150%;\">\u201cGiving for the sake of giving<br \/>\nis the only way to love\u201d<\/span><\/h2>\n<p>Elton John<\/p>\n<p>To enjoy tea time in the comfort of your own home or to spoil your loved ones, discover our selection of teas and gifts at the Paparmane boutique.<\/p>\n<p>We also offer our gift certificates, available in store or online, to give a little happiness to those you love.<br \/>\n\t\t\n<style>\n#text-2581854182 {\n  text-align: center;\n}\n<\/style>\n\t<\/div>\n\t\n<a href=\"https:\/\/paparmanemtl.ca\/en\/shop\/\" class=\"button white\" style=\"border-radius:99px;\">\n\t\t<span>Give Happiness<\/span>\n\t<\/a>\n\n\t\t<\/div>\n\t\t\t\t\n<style>\n#col-1096819817 > .col-inner {\n  padding: 5% 5% 5% 5%;\n  margin: 5% 5% 0px 0px;\n}\n<\/style>\n\t<\/div>\n\n\t\n<\/div>\n\t\t<\/div>\n\n\t\t\n<style>\n#section_132231843 {\n  padding-top: 5%;\n  padding-bottom: 5%;\n}\n<\/style>\n\t<\/section>\n\t\n","protected":false},"excerpt":{"rendered":"","protected":false},"author":73,"featured_media":6498,"parent":0,"menu_order":0,"comment_status":"closed","ping_status":"closed","template":"page-transparent-header-light.php","meta":{"footnotes":""},"class_list":["post-6409","page","type-page","status-publish","has-post-thumbnail","hentry"],"_links":{"self":[{"href":"https:\/\/paparmanemtl.ca\/en\/wp-json\/wp\/v2\/pages\/6409","targetHints":{"allow":["GET"]}}],"collection":[{"href":"https:\/\/paparmanemtl.ca\/en\/wp-json\/wp\/v2\/pages"}],"about":[{"href":"https:\/\/paparmanemtl.ca\/en\/wp-json\/wp\/v2\/types\/page"}],"author":[{"embeddable":true,"href":"https:\/\/paparmanemtl.ca\/en\/wp-json\/wp\/v2\/users\/73"}],"replies":[{"embeddable":true,"href":"https:\/\/paparmanemtl.ca\/en\/wp-json\/wp\/v2\/comments?post=6409"}],"version-history":[{"count":0,"href":"https:\/\/paparmanemtl.ca\/en\/wp-json\/wp\/v2\/pages\/6409\/revisions"}],"wp:featuredmedia":[{"embeddable":true,"href":"https:\/\/paparmanemtl.ca\/en\/wp-json\/wp\/v2\/media\/6498"}],"wp:attachment":[{"href":"https:\/\/paparmanemtl.ca\/en\/wp-json\/wp\/v2\/media?parent=6409"}],"curies":[{"name":"wp","href":"https:\/\/api.w.org\/{rel}","templated":true}]}}